{"id":13,"date":"2023-01-05T05:28:47","date_gmt":"2023-01-05T04:28:47","guid":{"rendered":"http:\/\/gaetanfreestyle.fr\/?page_id=13"},"modified":"2024-12-06T14:59:54","modified_gmt":"2024-12-06T13:59:54","slug":"home","status":"publish","type":"page","link":"https:\/\/gaetanfreestyle.fr\/","title":{"rendered":"Show et Animations de Freestyle Football"},"content":{"rendered":"\n<figure class=\"wp-block-embed is-type-video is-provider-youtube wp-block-embed-youtube wp-embed-aspect-16-9 wp-has-aspect-ratio\"><div class=\"wp-block-embed__wrapper\">\n<iframe loading=\"lazy\" title=\"Prestation de Freestyle Football\" width=\"750\" height=\"422\" src=\"https:\/\/www.youtube.com\/embed\/EDbY2k2_TD8?feature=oembed\" frameborder=\"0\" allow=\"accelerometer; autoplay; clipboard-write; encrypted-media; gyroscope; picture-in-picture; web-share\" referrerpolicy=\"strict-origin-when-cross-origin\" allowfullscreen><\/iframe>\n<\/div><\/figure>\n\n\n\n<div style=\"height:67px\" aria-hidden=\"true\" class=\"wp-block-spacer\"><\/div>\n\n\n\n<p class=\"has-text-align-center\">Ga\u00ebtan est un freestyler exp\u00e9riment\u00e9 avec plus de <strong>10 ans d&rsquo;exp\u00e9rience<\/strong> dans l&rsquo;\u00e9v\u00e8nementiel et<strong> 500 spectacles r\u00e9alis\u00e9s<\/strong> dans la France enti\u00e8re ainsi qu&rsquo;\u00e0 l&rsquo;\u00e9tranger.<\/p>\n\n\n\n<p class=\"has-text-align-center\">Que ce soit des shows prestigieux comme celui \u00e0 la t\u00e9l\u00e9 espagnole <a href=\"https:\/\/youtu.be\/OBJbpoElA7s?si=iHxf4-HQWOFW15l6\" data-type=\"link\" data-id=\"https:\/\/youtu.be\/OBJbpoElA7s?si=iHxf4-HQWOFW15l6\" target=\"_blank\" rel=\"noopener\">pour la remise des troph\u00e9es de la Liga devant <strong>Messi <\/strong>et <strong>Neymar<\/strong><\/a> ou encore de simples animations dans des clubs et tournois de foot de jeunes.<\/p>\n\n\n\n<p class=\"has-text-align-center\">Ces r\u00e9f\u00e9rences les plus prestigieuses sont une <strong>m\u00e9daille d&rsquo;Or aux Jeux de la Francophonie<\/strong> avec l&rsquo;Equipe de France, <a href=\"https:\/\/youtu.be\/-crAGvfSAk4?si=vsfHN3fmPy60R-1D\" target=\"_blank\" rel=\"noopener\">une vid\u00e9o comptant 10 millions de vues<\/a>, une demi-finale \u00e0 <strong>La France a Un Incroyable Talent <\/strong>ou <a href=\"https:\/\/www.youtube.com\/watch?v=SQF-18fHhjM\" target=\"_blank\" rel=\"noopener\">encore une publicit\u00e9 r\u00e9alis\u00e9e avec Yann Barth\u00e8s<\/a> et diffus\u00e9e \u00e0 <strong>la mi-temps de la finale de l&rsquo;Euro 2016<\/strong> !<\/p>\n\n\n\n<div style=\"height:19px\" aria-hidden=\"true\" class=\"wp-block-spacer\"><\/div>\n\n\n\n<hr class=\"wp-block-separator has-alpha-channel-opacity is-style-wide\"\/>\n","protected":false},"excerpt":{"rendered":"<p>Ga\u00ebtan est un freestyler exp\u00e9riment\u00e9 avec plus de 10 ans d&rsquo;exp\u00e9rience dans l&rsquo;\u00e9v\u00e8nementiel et 500 spectacles r\u00e9alis\u00e9s dans la France enti\u00e8re ainsi qu&rsquo;\u00e0 l&rsquo;\u00e9tranger. Que ce soit des shows prestigieux comme celui \u00e0 la t\u00e9l\u00e9 espagnole pour la remise des troph\u00e9es de la Liga devant Messi et Neymar ou encore [&hellip;]<\/p>\n","protected":false},"author":1,"featured_media":0,"parent":0,"menu_order":0,"comment_status":"closed","ping_status":"closed","template":"","meta":{"_mi_skip_tracking":false,"_themeisle_gutenberg_block_has_review":false,"footnotes":""},"class_list":["post-13","page","type-page","status-publish","hentry"],"_links":{"self":[{"href":"https:\/\/gaetanfreestyle.fr\/index.php\/wp-json\/wp\/v2\/pages\/13","targetHints":{"allow":["GET"]}}],"collection":[{"href":"https:\/\/gaetanfreestyle.fr\/index.php\/wp-json\/wp\/v2\/pages"}],"about":[{"href":"https:\/\/gaetanfreestyle.fr\/index.php\/wp-json\/wp\/v2\/types\/page"}],"author":[{"embeddable":true,"href":"https:\/\/gaetanfreestyle.fr\/index.php\/wp-json\/wp\/v2\/users\/1"}],"replies":[{"embeddable":true,"href":"https:\/\/gaetanfreestyle.fr\/index.php\/wp-json\/wp\/v2\/comments?post=13"}],"version-history":[{"count":21,"href":"https:\/\/gaetanfreestyle.fr\/index.php\/wp-json\/wp\/v2\/pages\/13\/revisions"}],"predecessor-version":[{"id":703,"href":"https:\/\/gaetanfreestyle.fr\/index.php\/wp-json\/wp\/v2\/pages\/13\/revisions\/703"}],"wp:attachment":[{"href":"https:\/\/gaetanfreestyle.fr\/index.php\/wp-json\/wp\/v2\/media?parent=13"}],"curies":[{"name":"wp","href":"https:\/\/api.w.org\/{rel}","templated":true}]}}