{"id":175,"date":"2023-01-11T17:15:05","date_gmt":"2023-01-11T16:15:05","guid":{"rendered":"http:\/\/gaetanfreestyle.fr\/?page_id=175"},"modified":"2024-12-06T13:30:10","modified_gmt":"2024-12-06T12:30:10","slug":"prestations","status":"publish","type":"page","link":"https:\/\/gaetanfreestyle.fr\/index.php\/prestations\/","title":{"rendered":"Prestations"},"content":{"rendered":"\n<figure class=\"wp-block-image size-large\"><img loading=\"lazy\" decoding=\"async\" width=\"1024\" height=\"651\" src=\"https:\/\/gaetanfreestyle.fr\/wp-content\/uploads\/2024\/12\/shows-freestyle-football-1024x651.jpg\" alt=\"\" class=\"wp-image-628\" srcset=\"https:\/\/gaetanfreestyle.fr\/wp-content\/uploads\/2024\/12\/shows-freestyle-football-1024x651.jpg 1024w, https:\/\/gaetanfreestyle.fr\/wp-content\/uploads\/2024\/12\/shows-freestyle-football-300x191.jpg 300w, https:\/\/gaetanfreestyle.fr\/wp-content\/uploads\/2024\/12\/shows-freestyle-football-768x488.jpg 768w, https:\/\/gaetanfreestyle.fr\/wp-content\/uploads\/2024\/12\/shows-freestyle-football-1536x976.jpg 1536w, https:\/\/gaetanfreestyle.fr\/wp-content\/uploads\/2024\/12\/shows-freestyle-football-2048x1302.jpg 2048w\" sizes=\"auto, (max-width: 1024px) 100vw, 1024px\" \/><\/figure>\n\n\n\n<div style=\"height:44px\" aria-hidden=\"true\" class=\"wp-block-spacer\"><\/div>\n\n\n\n<p>Offrez une exp\u00e9rience unique et captivante gr\u00e2ce \u00e0 mes <strong>spectacles de freestyle football<\/strong>, discipline o\u00f9 l\u2019art du ballon rond avec des figures acrobatiques, des tricks \u00e9poustouflants et des chor\u00e9graphies dynamiques fascineront petits et grands.<\/p>\n\n\n\n<p><strong>Pourquoi choisir nos shows de freestyle foot ?<\/strong><\/p>\n\n\n\n<ul class=\"wp-block-list\">\n<li><strong>Animation spectaculaire<\/strong> pour vos \u00e9v\u00e9nements : f\u00eates d\u2019entreprise, f\u00eate communale, anniversaires, festivals ou lancements de produits.<\/li>\n\n\n\n<li>Une <strong>performance personnalis\u00e9e<\/strong> adapt\u00e9e \u00e0 vos besoins, garantissant un moment m\u00e9morable.<\/li>\n\n\n\n<li>Une image <strong>d&rsquo;expert de freestyle football<\/strong>, \u00e0 d\u00e9cliner m\u00eame en une performance \u00e0 plusieurs freestylers pour un <strong>show chor\u00e9graphi\u00e9<\/strong>.<\/li>\n<\/ul>\n\n\n\n<p>Ces spectacles s\u2019int\u00e8grent parfaitement dans diff\u00e9rents contextes, qu\u2019il s\u2019agisse d\u2019une <strong>animation sportive<\/strong>, d\u2019un show en centre commercial, ou d\u2019une intervention pour booster votre visibilit\u00e9. Gr\u00e2ce \u00e0 l\u2019\u00e9nergie et \u00e0 l\u2019\u00e9motion que nous transmettons, votre \u00e9v\u00e9nement deviendra un v\u00e9ritable succ\u00e8s.<\/p>\n\n\n\n<p><strong>Ajoutez du spectacle \u00e0 vos \u00e9v\u00e9nements !<\/strong><br>R\u00e9servez d\u00e8s maintenant votre <strong>show de freestyle football<\/strong> et impressionnez vos invit\u00e9s avec un divertissement qui marquera les esprits.<\/p>\n\n\n\n<p><a href=\"https:\/\/gaetanfreestyle.fr\/index.php\/contact\/\">Contactez moi<\/a> pour en savoir plus sur nos prestations et tarifs !<\/p>\n\n\n\n<div style=\"height:44px\" aria-hidden=\"true\" class=\"wp-block-spacer\"><\/div>\n\n\n\n<figure class=\"wp-block-embed is-type-video is-provider-youtube wp-block-embed-youtube wp-embed-aspect-16-9 wp-has-aspect-ratio\"><div class=\"wp-block-embed__wrapper\">\n<iframe loading=\"lazy\" title=\"Prestation de Freestyle Football\" width=\"750\" height=\"422\" src=\"https:\/\/www.youtube.com\/embed\/EDbY2k2_TD8?feature=oembed\" frameborder=\"0\" allow=\"accelerometer; autoplay; clipboard-write; encrypted-media; gyroscope; picture-in-picture; web-share\" referrerpolicy=\"strict-origin-when-cross-origin\" allowfullscreen><\/iframe>\n<\/div><\/figure>\n\n\n\n<div style=\"height:44px\" aria-hidden=\"true\" class=\"wp-block-spacer\"><\/div>\n\n\n\n<p>Le format classique est une <strong>d\u00e9monstration de 5min chor\u00e9graphi\u00e9e sur de la musique<\/strong>. Comme dans la vid\u00e9o, ci-dessus. A cela s&rsquo;ajoute parfois des <strong>initiations<\/strong> pour interagir avec le public et offrir aux jeunes la possibilit\u00e9 d&rsquo;apprendre et s&rsquo;amuser en m\u00eame temps. Je me d\u00e9place partout en France : \u00e0 Paris, Lyon, Bordeaux etc&#8230;<\/p>\n\n\n\n<p><br>Il est \u00e9galement possible de faire un format pour les \u00e9v\u00e8nements sur <strong>sc\u00e8ne de 30min<\/strong> o\u00f9 je pr\u00e9sente la discipline au micro, je fais un show et des interactions avec le public. <strong>Des shows en duo, voire trio<\/strong> sont envisageables pour un spectacle encore plus int\u00e9ressant.<\/p>\n\n\n\n<div style=\"height:50px\" aria-hidden=\"true\" class=\"wp-block-spacer\"><\/div>\n\n\n\n<figure class=\"wp-block-gallery has-nested-images columns-default is-cropped wp-block-gallery-1 is-layout-flex wp-block-gallery-is-layout-flex\">\n<figure class=\"wp-block-image size-full\"><img loading=\"lazy\" decoding=\"async\" width=\"2132\" height=\"2093\" data-id=\"566\" src=\"https:\/\/gaetanfreestyle.fr\/wp-content\/uploads\/2024\/07\/freestyle-football-tenue-sport.jpg\" alt=\"\" class=\"wp-image-566\" srcset=\"https:\/\/gaetanfreestyle.fr\/wp-content\/uploads\/2024\/07\/freestyle-football-tenue-sport.jpg 2132w, https:\/\/gaetanfreestyle.fr\/wp-content\/uploads\/2024\/07\/freestyle-football-tenue-sport-300x295.jpg 300w, https:\/\/gaetanfreestyle.fr\/wp-content\/uploads\/2024\/07\/freestyle-football-tenue-sport-1024x1005.jpg 1024w, https:\/\/gaetanfreestyle.fr\/wp-content\/uploads\/2024\/07\/freestyle-football-tenue-sport-768x754.jpg 768w, https:\/\/gaetanfreestyle.fr\/wp-content\/uploads\/2024\/07\/freestyle-football-tenue-sport-1536x1508.jpg 1536w, https:\/\/gaetanfreestyle.fr\/wp-content\/uploads\/2024\/07\/freestyle-football-tenue-sport-2048x2011.jpg 2048w\" sizes=\"auto, (max-width: 2132px) 100vw, 2132px\" \/><\/figure>\n\n\n\n<figure class=\"wp-block-image size-full\"><img loading=\"lazy\" decoding=\"async\" width=\"800\" height=\"533\" data-id=\"111\" src=\"http:\/\/gaetanfreestyle.fr\/wp-content\/uploads\/2023\/01\/esc7.jpg\" alt=\"Gaetan en spectacle de freestyle foot\" class=\"wp-image-111\" srcset=\"https:\/\/gaetanfreestyle.fr\/wp-content\/uploads\/2023\/01\/esc7.jpg 800w, https:\/\/gaetanfreestyle.fr\/wp-content\/uploads\/2023\/01\/esc7-300x200.jpg 300w, https:\/\/gaetanfreestyle.fr\/wp-content\/uploads\/2023\/01\/esc7-768x512.jpg 768w, https:\/\/gaetanfreestyle.fr\/wp-content\/uploads\/2023\/01\/esc7-360x240.jpg 360w, https:\/\/gaetanfreestyle.fr\/wp-content\/uploads\/2023\/01\/esc7-600x400.jpg 600w\" sizes=\"auto, (max-width: 800px) 100vw, 800px\" \/><\/figure>\n\n\n\n<figure class=\"wp-block-image size-large\"><img loading=\"lazy\" decoding=\"async\" width=\"901\" height=\"600\" data-id=\"183\" src=\"http:\/\/gaetanfreestyle.fr\/wp-content\/uploads\/2023\/01\/freestyle-foot-shows-1.png\" alt=\"\" class=\"wp-image-183\" srcset=\"https:\/\/gaetanfreestyle.fr\/wp-content\/uploads\/2023\/01\/freestyle-foot-shows-1.png 901w, https:\/\/gaetanfreestyle.fr\/wp-content\/uploads\/2023\/01\/freestyle-foot-shows-1-300x200.png 300w, https:\/\/gaetanfreestyle.fr\/wp-content\/uploads\/2023\/01\/freestyle-foot-shows-1-768x511.png 768w, https:\/\/gaetanfreestyle.fr\/wp-content\/uploads\/2023\/01\/freestyle-foot-shows-1-360x240.png 360w, https:\/\/gaetanfreestyle.fr\/wp-content\/uploads\/2023\/01\/freestyle-foot-shows-1-600x400.png 600w\" sizes=\"auto, (max-width: 901px) 100vw, 901px\" \/><\/figure>\n\n\n\n<figure class=\"wp-block-image size-large\"><img loading=\"lazy\" decoding=\"async\" width=\"1024\" height=\"576\" data-id=\"184\" src=\"http:\/\/gaetanfreestyle.fr\/wp-content\/uploads\/2023\/01\/freestyle-football-spectacle-scene-1024x576.jpg\" alt=\"\" class=\"wp-image-184\" srcset=\"https:\/\/gaetanfreestyle.fr\/wp-content\/uploads\/2023\/01\/freestyle-football-spectacle-scene-1024x576.jpg 1024w, https:\/\/gaetanfreestyle.fr\/wp-content\/uploads\/2023\/01\/freestyle-football-spectacle-scene-300x169.jpg 300w, https:\/\/gaetanfreestyle.fr\/wp-content\/uploads\/2023\/01\/freestyle-football-spectacle-scene-768x432.jpg 768w, https:\/\/gaetanfreestyle.fr\/wp-content\/uploads\/2023\/01\/freestyle-football-spectacle-scene-1536x864.jpg 1536w, https:\/\/gaetanfreestyle.fr\/wp-content\/uploads\/2023\/01\/freestyle-football-spectacle-scene-2048x1152.jpg 2048w, https:\/\/gaetanfreestyle.fr\/wp-content\/uploads\/2023\/01\/freestyle-football-spectacle-scene-600x338.jpg 600w\" sizes=\"auto, (max-width: 1024px) 100vw, 1024px\" \/><\/figure>\n\n\n\n<figure class=\"wp-block-image size-large\"><img loading=\"lazy\" decoding=\"async\" width=\"1024\" height=\"683\" data-id=\"186\" src=\"http:\/\/gaetanfreestyle.fr\/wp-content\/uploads\/2023\/01\/IMG_7797-1024x683.jpg\" alt=\"\" class=\"wp-image-186\" srcset=\"https:\/\/gaetanfreestyle.fr\/wp-content\/uploads\/2023\/01\/IMG_7797-1024x683.jpg 1024w, https:\/\/gaetanfreestyle.fr\/wp-content\/uploads\/2023\/01\/IMG_7797-300x200.jpg 300w, https:\/\/gaetanfreestyle.fr\/wp-content\/uploads\/2023\/01\/IMG_7797-768x512.jpg 768w, https:\/\/gaetanfreestyle.fr\/wp-content\/uploads\/2023\/01\/IMG_7797-1536x1024.jpg 1536w, https:\/\/gaetanfreestyle.fr\/wp-content\/uploads\/2023\/01\/IMG_7797-360x240.jpg 360w, https:\/\/gaetanfreestyle.fr\/wp-content\/uploads\/2023\/01\/IMG_7797-600x400.jpg 600w, https:\/\/gaetanfreestyle.fr\/wp-content\/uploads\/2023\/01\/IMG_7797.jpg 2048w\" sizes=\"auto, (max-width: 1024px) 100vw, 1024px\" \/><\/figure>\n\n\n\n<figure class=\"wp-block-image size-large\"><img loading=\"lazy\" decoding=\"async\" width=\"1024\" height=\"983\" data-id=\"93\" src=\"http:\/\/gaetanfreestyle.fr\/wp-content\/uploads\/2023\/01\/freestyle-foot-show-stade-1024x983.jpg\" alt=\"D\u00e9monstration de Freestyle Football pour le Stade de Reims\" class=\"wp-image-93\" srcset=\"https:\/\/gaetanfreestyle.fr\/wp-content\/uploads\/2023\/01\/freestyle-foot-show-stade-1024x983.jpg 1024w, https:\/\/gaetanfreestyle.fr\/wp-content\/uploads\/2023\/01\/freestyle-foot-show-stade-300x288.jpg 300w, https:\/\/gaetanfreestyle.fr\/wp-content\/uploads\/2023\/01\/freestyle-foot-show-stade-768x737.jpg 768w, https:\/\/gaetanfreestyle.fr\/wp-content\/uploads\/2023\/01\/freestyle-foot-show-stade-1536x1474.jpg 1536w, https:\/\/gaetanfreestyle.fr\/wp-content\/uploads\/2023\/01\/freestyle-foot-show-stade-2048x1965.jpg 2048w, https:\/\/gaetanfreestyle.fr\/wp-content\/uploads\/2023\/01\/freestyle-foot-show-stade-600x576.jpg 600w\" sizes=\"auto, (max-width: 1024px) 100vw, 1024px\" \/><\/figure>\n<\/figure>\n\n\n\n<div style=\"height:50px\" aria-hidden=\"true\" class=\"wp-block-spacer\"><\/div>\n\n\n\n<p>Il est \u00e9galement possible de mettre en place des <strong>cours en p\u00e9riscolaire<\/strong>. Le format id\u00e9al d&rsquo;apr\u00e8s mon exp\u00e9rience est de 3 jours dans la semaine, 2h par jour.<\/p>\n\n\n\n<div style=\"height:50px\" aria-hidden=\"true\" class=\"wp-block-spacer\"><\/div>\n\n\n\n<figure class=\"wp-block-gallery has-nested-images columns-default is-cropped wp-block-gallery-2 is-layout-flex wp-block-gallery-is-layout-flex\">\n<figure class=\"wp-block-image size-large\"><img loading=\"lazy\" decoding=\"async\" width=\"960\" height=\"639\" data-id=\"188\" src=\"http:\/\/gaetanfreestyle.fr\/wp-content\/uploads\/2023\/01\/cours-freestyle-football-1.jpg\" alt=\"\" class=\"wp-image-188\" srcset=\"https:\/\/gaetanfreestyle.fr\/wp-content\/uploads\/2023\/01\/cours-freestyle-football-1.jpg 960w, https:\/\/gaetanfreestyle.fr\/wp-content\/uploads\/2023\/01\/cours-freestyle-football-1-300x200.jpg 300w, https:\/\/gaetanfreestyle.fr\/wp-content\/uploads\/2023\/01\/cours-freestyle-football-1-768x511.jpg 768w, https:\/\/gaetanfreestyle.fr\/wp-content\/uploads\/2023\/01\/cours-freestyle-football-1-360x240.jpg 360w, https:\/\/gaetanfreestyle.fr\/wp-content\/uploads\/2023\/01\/cours-freestyle-football-1-600x399.jpg 600w\" sizes=\"auto, (max-width: 960px) 100vw, 960px\" \/><\/figure>\n\n\n\n<figure class=\"wp-block-image size-large\"><img loading=\"lazy\" decoding=\"async\" width=\"1024\" height=\"683\" data-id=\"190\" src=\"http:\/\/gaetanfreestyle.fr\/wp-content\/uploads\/2023\/01\/freestyle-football-cours-1024x683.jpg\" alt=\"\" class=\"wp-image-190\" srcset=\"https:\/\/gaetanfreestyle.fr\/wp-content\/uploads\/2023\/01\/freestyle-football-cours-1024x683.jpg 1024w, https:\/\/gaetanfreestyle.fr\/wp-content\/uploads\/2023\/01\/freestyle-football-cours-300x200.jpg 300w, https:\/\/gaetanfreestyle.fr\/wp-content\/uploads\/2023\/01\/freestyle-football-cours-768x512.jpg 768w, https:\/\/gaetanfreestyle.fr\/wp-content\/uploads\/2023\/01\/freestyle-football-cours-1536x1024.jpg 1536w, https:\/\/gaetanfreestyle.fr\/wp-content\/uploads\/2023\/01\/freestyle-football-cours-2048x1365.jpg 2048w, https:\/\/gaetanfreestyle.fr\/wp-content\/uploads\/2023\/01\/freestyle-football-cours-360x240.jpg 360w, https:\/\/gaetanfreestyle.fr\/wp-content\/uploads\/2023\/01\/freestyle-football-cours-600x400.jpg 600w\" sizes=\"auto, (max-width: 1024px) 100vw, 1024px\" \/><\/figure>\n\n\n\n<figure class=\"wp-block-image size-full\"><img loading=\"lazy\" decoding=\"async\" width=\"802\" height=\"533\" data-id=\"568\" src=\"https:\/\/gaetanfreestyle.fr\/wp-content\/uploads\/2024\/07\/cours-freestyle-foot.jpg\" alt=\"\" class=\"wp-image-568\" srcset=\"https:\/\/gaetanfreestyle.fr\/wp-content\/uploads\/2024\/07\/cours-freestyle-foot.jpg 802w, https:\/\/gaetanfreestyle.fr\/wp-content\/uploads\/2024\/07\/cours-freestyle-foot-300x199.jpg 300w, https:\/\/gaetanfreestyle.fr\/wp-content\/uploads\/2024\/07\/cours-freestyle-foot-768x510.jpg 768w, https:\/\/gaetanfreestyle.fr\/wp-content\/uploads\/2024\/07\/cours-freestyle-foot-360x240.jpg 360w\" sizes=\"auto, (max-width: 802px) 100vw, 802px\" \/><\/figure>\n<\/figure>\n\n\n\n<div style=\"height:43px\" aria-hidden=\"true\" class=\"wp-block-spacer\"><\/div>\n\n\n\n<p>Enfin des<strong> sollicitations pour \u00e9mission TV<\/strong> sont les bienvenues. J&rsquo;ai r\u00e9alis\u00e9 un spectacle pour le Plus Grand Cabaret sur France 2, Incroyable Talent sur M6 ou encore un spot publicitaire sur TF1.<\/p>\n\n\n\n<div style=\"height:50px\" aria-hidden=\"true\" class=\"wp-block-spacer\"><\/div>\n\n\n\n<figure class=\"wp-block-gallery has-nested-images columns-default is-cropped wp-block-gallery-3 is-layout-flex wp-block-gallery-is-layout-flex\">\n<figure class=\"wp-block-image size-large\"><img loading=\"lazy\" decoding=\"async\" width=\"1024\" height=\"735\" data-id=\"193\" src=\"http:\/\/gaetanfreestyle.fr\/wp-content\/uploads\/2023\/01\/freestyle-foot-incroyable-talent-1-1024x735.jpg\" alt=\"\" class=\"wp-image-193\" srcset=\"https:\/\/gaetanfreestyle.fr\/wp-content\/uploads\/2023\/01\/freestyle-foot-incroyable-talent-1-1024x735.jpg 1024w, https:\/\/gaetanfreestyle.fr\/wp-content\/uploads\/2023\/01\/freestyle-foot-incroyable-talent-1-300x215.jpg 300w, https:\/\/gaetanfreestyle.fr\/wp-content\/uploads\/2023\/01\/freestyle-foot-incroyable-talent-1-768x551.jpg 768w, https:\/\/gaetanfreestyle.fr\/wp-content\/uploads\/2023\/01\/freestyle-foot-incroyable-talent-1-1536x1103.jpg 1536w, https:\/\/gaetanfreestyle.fr\/wp-content\/uploads\/2023\/01\/freestyle-foot-incroyable-talent-1-2048x1470.jpg 2048w, https:\/\/gaetanfreestyle.fr\/wp-content\/uploads\/2023\/01\/freestyle-foot-incroyable-talent-1-600x431.jpg 600w\" sizes=\"auto, (max-width: 1024px) 100vw, 1024px\" \/><figcaption class=\"wp-element-caption\"><br><\/figcaption><\/figure>\n\n\n\n<figure class=\"wp-block-image size-large\"><img loading=\"lazy\" decoding=\"async\" width=\"1024\" height=\"667\" data-id=\"194\" src=\"http:\/\/gaetanfreestyle.fr\/wp-content\/uploads\/2023\/01\/freestyle-foot-la-france-a-un-incroyable-talent-footstyle-1024x667.png\" alt=\"\" class=\"wp-image-194\" srcset=\"https:\/\/gaetanfreestyle.fr\/wp-content\/uploads\/2023\/01\/freestyle-foot-la-france-a-un-incroyable-talent-footstyle-1024x667.png 1024w, https:\/\/gaetanfreestyle.fr\/wp-content\/uploads\/2023\/01\/freestyle-foot-la-france-a-un-incroyable-talent-footstyle-300x195.png 300w, https:\/\/gaetanfreestyle.fr\/wp-content\/uploads\/2023\/01\/freestyle-foot-la-france-a-un-incroyable-talent-footstyle-768x500.png 768w, https:\/\/gaetanfreestyle.fr\/wp-content\/uploads\/2023\/01\/freestyle-foot-la-france-a-un-incroyable-talent-footstyle-1536x1000.png 1536w, https:\/\/gaetanfreestyle.fr\/wp-content\/uploads\/2023\/01\/freestyle-foot-la-france-a-un-incroyable-talent-footstyle-2048x1334.png 2048w, https:\/\/gaetanfreestyle.fr\/wp-content\/uploads\/2023\/01\/freestyle-foot-la-france-a-un-incroyable-talent-footstyle-600x391.png 600w\" sizes=\"auto, (max-width: 1024px) 100vw, 1024px\" \/><\/figure>\n\n\n\n<figure class=\"wp-block-image size-full\"><img loading=\"lazy\" decoding=\"async\" width=\"593\" height=\"593\" data-id=\"130\" src=\"http:\/\/gaetanfreestyle.fr\/wp-content\/uploads\/2023\/01\/freestyle-foot-france-tf1.png\" alt=\"Freestyle Foot avec Yann Barth\u00e8s sur TF1\" class=\"wp-image-130\" srcset=\"https:\/\/gaetanfreestyle.fr\/wp-content\/uploads\/2023\/01\/freestyle-foot-france-tf1.png 593w, https:\/\/gaetanfreestyle.fr\/wp-content\/uploads\/2023\/01\/freestyle-foot-france-tf1-300x300.png 300w, https:\/\/gaetanfreestyle.fr\/wp-content\/uploads\/2023\/01\/freestyle-foot-france-tf1-150x150.png 150w, https:\/\/gaetanfreestyle.fr\/wp-content\/uploads\/2023\/01\/freestyle-foot-france-tf1-160x160.png 160w\" sizes=\"auto, (max-width: 593px) 100vw, 593px\" \/><\/figure>\n<\/figure>\n\n\n\n<div style=\"height:47px\" aria-hidden=\"true\" class=\"wp-block-spacer\"><\/div>\n\n\n\n<h4 class=\"wp-block-heading\">DOUBLAGE DE YANN BARTHES &#8211; PUB TF1<\/h4>\n\n\n\n<figure class=\"wp-block-embed is-type-video is-provider-youtube wp-block-embed-youtube wp-embed-aspect-16-9 wp-has-aspect-ratio\"><div class=\"wp-block-embed__wrapper\">\n<iframe loading=\"lazy\" title=\"DOUBLAGE DE YANN BARTHES - PUB TF1 - EURO2016\" width=\"750\" height=\"422\" src=\"https:\/\/www.youtube.com\/embed\/SQF-18fHhjM?feature=oembed\" frameborder=\"0\" allow=\"accelerometer; autoplay; clipboard-write; encrypted-media; gyroscope; picture-in-picture; web-share\" referrerpolicy=\"strict-origin-when-cross-origin\" allowfullscreen><\/iframe>\n<\/div><\/figure>\n\n\n\n<div style=\"height:68px\" aria-hidden=\"true\" class=\"wp-block-spacer\"><\/div>\n","protected":false},"excerpt":{"rendered":"<p>Offrez une exp\u00e9rience unique et captivante gr\u00e2ce \u00e0 mes spectacles de freestyle football, discipline o\u00f9 l\u2019art du ballon rond avec des figures acrobatiques, des tricks \u00e9poustouflants et des chor\u00e9graphies dynamiques fascineront petits et grands. Pourquoi choisir nos shows de freestyle foot ? Ces spectacles s\u2019int\u00e8grent parfaitement dans diff\u00e9rents contextes, qu\u2019il [&hellip;]<\/p>\n","protected":false},"author":1,"featured_media":0,"parent":0,"menu_order":0,"comment_status":"closed","ping_status":"closed","template":"","meta":{"_mi_skip_tracking":false,"_themeisle_gutenberg_block_has_review":false,"footnotes":""},"class_list":["post-175","page","type-page","status-publish","hentry"],"_links":{"self":[{"href":"https:\/\/gaetanfreestyle.fr\/index.php\/wp-json\/wp\/v2\/pages\/175","targetHints":{"allow":["GET"]}}],"collection":[{"href":"https:\/\/gaetanfreestyle.fr\/index.php\/wp-json\/wp\/v2\/pages"}],"about":[{"href":"https:\/\/gaetanfreestyle.fr\/index.php\/wp-json\/wp\/v2\/types\/page"}],"author":[{"embeddable":true,"href":"https:\/\/gaetanfreestyle.fr\/index.php\/wp-json\/wp\/v2\/users\/1"}],"replies":[{"embeddable":true,"href":"https:\/\/gaetanfreestyle.fr\/index.php\/wp-json\/wp\/v2\/comments?post=175"}],"version-history":[{"count":32,"href":"https:\/\/gaetanfreestyle.fr\/index.php\/wp-json\/wp\/v2\/pages\/175\/revisions"}],"predecessor-version":[{"id":636,"href":"https:\/\/gaetanfreestyle.fr\/index.php\/wp-json\/wp\/v2\/pages\/175\/revisions\/636"}],"wp:attachment":[{"href":"https:\/\/gaetanfreestyle.fr\/index.php\/wp-json\/wp\/v2\/media?parent=175"}],"curies":[{"name":"wp","href":"https:\/\/api.w.org\/{rel}","templated":true}]}}