{"id":2,"date":"2022-12-22T11:42:38","date_gmt":"2022-12-22T10:42:38","guid":{"rendered":"http:\/\/gaetanfreestyle.fr\/?page_id=2"},"modified":"2024-12-06T15:13:50","modified_gmt":"2024-12-06T14:13:50","slug":"biographie","status":"publish","type":"page","link":"https:\/\/gaetanfreestyle.fr\/index.php\/biographie\/","title":{"rendered":"Biographie"},"content":{"rendered":"\n<p>Je m&rsquo;appelle Gaetan Czaja, j&rsquo;ai 30 ans et j&rsquo;ai commenc\u00e9 le Freestyle Football en <strong>2008<\/strong>. Je suis devenu professionnel en <strong>2014<\/strong>.<\/p>\n\n\n\n<p>J&rsquo;ai effectu\u00e9 plus de <strong>500 shows<\/strong> \u00e0 travers toute la France pour tout type d&rsquo;\u00e9v\u00e8nements allant du simple anniversaire aux shows dans les grands stades comme \u00e0 l&rsquo;<strong>Euro 2016<\/strong>. J&rsquo;ai \u00e9t\u00e9 Youtubeur avec la <strong>chaine Footstyle TV qui compte 700.000 abonn\u00e9s<\/strong> et des vid\u00e9os \u00e0 plusieurs millions de vues.<\/p>\n\n\n\n<div style=\"height:26px\" aria-hidden=\"true\" class=\"wp-block-spacer\"><\/div>\n\n\n\n<figure class=\"wp-block-gallery has-nested-images columns-default is-cropped wp-block-gallery-1 is-layout-flex wp-block-gallery-is-layout-flex\">\n<figure class=\"wp-block-image size-large\"><img loading=\"lazy\" decoding=\"async\" width=\"1024\" height=\"651\" data-id=\"577\" src=\"https:\/\/gaetanfreestyle.fr\/wp-content\/uploads\/2024\/11\/shows-freestyle-football-1024x651.jpg\" alt=\"\" class=\"wp-image-577\" srcset=\"https:\/\/gaetanfreestyle.fr\/wp-content\/uploads\/2024\/11\/shows-freestyle-football-1024x651.jpg 1024w, https:\/\/gaetanfreestyle.fr\/wp-content\/uploads\/2024\/11\/shows-freestyle-football-300x191.jpg 300w, https:\/\/gaetanfreestyle.fr\/wp-content\/uploads\/2024\/11\/shows-freestyle-football-768x488.jpg 768w, https:\/\/gaetanfreestyle.fr\/wp-content\/uploads\/2024\/11\/shows-freestyle-football-1536x976.jpg 1536w, https:\/\/gaetanfreestyle.fr\/wp-content\/uploads\/2024\/11\/shows-freestyle-football-2048x1302.jpg 2048w\" sizes=\"auto, (max-width: 1024px) 100vw, 1024px\" \/><\/figure>\n\n\n\n<figure class=\"wp-block-image size-large\"><img loading=\"lazy\" decoding=\"async\" width=\"1024\" height=\"683\" data-id=\"173\" src=\"https:\/\/gaetanfreestyle.fr\/wp-content\/uploads\/2023\/01\/freestyle-football-lille-1024x683.jpg\" alt=\"\" class=\"wp-image-173\" srcset=\"https:\/\/gaetanfreestyle.fr\/wp-content\/uploads\/2023\/01\/freestyle-football-lille-1024x683.jpg 1024w, https:\/\/gaetanfreestyle.fr\/wp-content\/uploads\/2023\/01\/freestyle-football-lille-300x200.jpg 300w, https:\/\/gaetanfreestyle.fr\/wp-content\/uploads\/2023\/01\/freestyle-football-lille-768x512.jpg 768w, https:\/\/gaetanfreestyle.fr\/wp-content\/uploads\/2023\/01\/freestyle-football-lille-1536x1024.jpg 1536w, https:\/\/gaetanfreestyle.fr\/wp-content\/uploads\/2023\/01\/freestyle-football-lille-2048x1365.jpg 2048w, https:\/\/gaetanfreestyle.fr\/wp-content\/uploads\/2023\/01\/freestyle-football-lille-360x240.jpg 360w, https:\/\/gaetanfreestyle.fr\/wp-content\/uploads\/2023\/01\/freestyle-football-lille-600x400.jpg 600w\" sizes=\"auto, (max-width: 1024px) 100vw, 1024px\" \/><\/figure>\n\n\n\n<figure class=\"wp-block-image size-large\"><img loading=\"lazy\" decoding=\"async\" width=\"1024\" height=\"576\" data-id=\"717\" src=\"https:\/\/gaetanfreestyle.fr\/wp-content\/uploads\/2024\/12\/1-1024x576.jpg\" alt=\"\" class=\"wp-image-717\" srcset=\"https:\/\/gaetanfreestyle.fr\/wp-content\/uploads\/2024\/12\/1-1024x576.jpg 1024w, https:\/\/gaetanfreestyle.fr\/wp-content\/uploads\/2024\/12\/1-300x169.jpg 300w, https:\/\/gaetanfreestyle.fr\/wp-content\/uploads\/2024\/12\/1-768x432.jpg 768w, https:\/\/gaetanfreestyle.fr\/wp-content\/uploads\/2024\/12\/1-1536x864.jpg 1536w, https:\/\/gaetanfreestyle.fr\/wp-content\/uploads\/2024\/12\/1-2048x1152.jpg 2048w\" sizes=\"auto, (max-width: 1024px) 100vw, 1024px\" \/><\/figure>\n\n\n\n<figure class=\"wp-block-image size-large\"><img loading=\"lazy\" decoding=\"async\" width=\"960\" height=\"874\" data-id=\"165\" src=\"https:\/\/gaetanfreestyle.fr\/wp-content\/uploads\/2023\/01\/freestyle-football-bordeaux.jpg\" alt=\"\" class=\"wp-image-165\" srcset=\"https:\/\/gaetanfreestyle.fr\/wp-content\/uploads\/2023\/01\/freestyle-football-bordeaux.jpg 960w, https:\/\/gaetanfreestyle.fr\/wp-content\/uploads\/2023\/01\/freestyle-football-bordeaux-300x273.jpg 300w, https:\/\/gaetanfreestyle.fr\/wp-content\/uploads\/2023\/01\/freestyle-football-bordeaux-768x699.jpg 768w, https:\/\/gaetanfreestyle.fr\/wp-content\/uploads\/2023\/01\/freestyle-football-bordeaux-600x546.jpg 600w\" sizes=\"auto, (max-width: 960px) 100vw, 960px\" \/><\/figure>\n\n\n\n<figure class=\"wp-block-image size-large\"><img loading=\"lazy\" decoding=\"async\" width=\"1024\" height=\"683\" data-id=\"581\" src=\"https:\/\/gaetanfreestyle.fr\/wp-content\/uploads\/2024\/11\/gaetan-geste-freestyle-football-1024x683.jpg\" alt=\"\" class=\"wp-image-581\" srcset=\"https:\/\/gaetanfreestyle.fr\/wp-content\/uploads\/2024\/11\/gaetan-geste-freestyle-football-1024x683.jpg 1024w, https:\/\/gaetanfreestyle.fr\/wp-content\/uploads\/2024\/11\/gaetan-geste-freestyle-football-300x200.jpg 300w, https:\/\/gaetanfreestyle.fr\/wp-content\/uploads\/2024\/11\/gaetan-geste-freestyle-football-768x512.jpg 768w, https:\/\/gaetanfreestyle.fr\/wp-content\/uploads\/2024\/11\/gaetan-geste-freestyle-football-360x240.jpg 360w, https:\/\/gaetanfreestyle.fr\/wp-content\/uploads\/2024\/11\/gaetan-geste-freestyle-football.jpg 1080w\" sizes=\"auto, (max-width: 1024px) 100vw, 1024px\" \/><\/figure>\n\n\n\n<figure class=\"wp-block-image size-large\"><img loading=\"lazy\" decoding=\"async\" width=\"1024\" height=\"683\" data-id=\"580\" src=\"https:\/\/gaetanfreestyle.fr\/wp-content\/uploads\/2024\/11\/animation-freestyle-foot-1024x683.jpg\" alt=\"\" class=\"wp-image-580\" srcset=\"https:\/\/gaetanfreestyle.fr\/wp-content\/uploads\/2024\/11\/animation-freestyle-foot-1024x683.jpg 1024w, https:\/\/gaetanfreestyle.fr\/wp-content\/uploads\/2024\/11\/animation-freestyle-foot-300x200.jpg 300w, https:\/\/gaetanfreestyle.fr\/wp-content\/uploads\/2024\/11\/animation-freestyle-foot-768x512.jpg 768w, https:\/\/gaetanfreestyle.fr\/wp-content\/uploads\/2024\/11\/animation-freestyle-foot-1536x1025.jpg 1536w, https:\/\/gaetanfreestyle.fr\/wp-content\/uploads\/2024\/11\/animation-freestyle-foot-2048x1366.jpg 2048w, https:\/\/gaetanfreestyle.fr\/wp-content\/uploads\/2024\/11\/animation-freestyle-foot-360x240.jpg 360w\" sizes=\"auto, (max-width: 1024px) 100vw, 1024px\" \/><\/figure>\n<\/figure>\n\n\n\n<div style=\"height:32px\" aria-hidden=\"true\" class=\"wp-block-spacer\"><\/div>\n\n\n\n<h2 class=\"wp-block-heading\">R\u00e9f\u00e9rences<\/h2>\n\n\n\n<ul class=\"wp-block-list\">\n<li><a href=\"https:\/\/youtu.be\/OBJbpoElA7s?si=qgaF_5Jkn-J3zHff\" target=\"_blank\" rel=\"noopener\">Show devant Messi et Neymar lors de la remise des Troph\u00e9es de La Liga<\/a><\/li>\n\n\n\n<li>Demi-Finale \u00ab\u00a0La France a un Incroyable Talent\u00a0\u00bb<\/li>\n\n\n\n<li>Participation au \u00ab\u00a0Plus Grand Cabaret du Monde\u00a0\u00bb<\/li>\n\n\n\n<li>Top 3 Championnats de France<\/li>\n\n\n\n<li><a href=\"https:\/\/youtu.be\/SQF-18fHhjM\" data-type=\"link\" data-id=\"https:\/\/youtu.be\/SQF-18fHhjM\" target=\"_blank\" rel=\"noopener\">Publicit\u00e9 TF1 lors de la finale de l&rsquo;Euro 2016 avec Yann Barth\u00e8s<\/a><\/li>\n\n\n\n<li><a href=\"https:\/\/youtu.be\/coUXoZUlF-4?si=CcFlGgXOFx6_EHiL\" target=\"_blank\" rel=\"noopener\">Medaille d&rsquo;Or aux Jeux de la Francophonie 2014 avec l&rsquo;Equipe de France<\/a><\/li>\n\n\n\n<li><a href=\"https:\/\/youtu.be\/-crAGvfSAk4?si=hQ3oSSjsOuypTEAy\" data-type=\"link\" data-id=\"https:\/\/youtu.be\/-crAGvfSAk4?si=hQ3oSSjsOuypTEAy\" target=\"_blank\" rel=\"noopener\">Vid\u00e9o \u00e0 plus de 10 millions de vues<\/a><\/li>\n<\/ul>\n\n\n\n<div style=\"height:31px\" aria-hidden=\"true\" class=\"wp-block-spacer\"><\/div>\n\n\n\n<figure class=\"wp-block-gallery has-nested-images columns-default is-cropped wp-block-gallery-2 is-layout-flex wp-block-gallery-is-layout-flex\">\n<figure class=\"wp-block-image size-large\"><img loading=\"lazy\" decoding=\"async\" width=\"1024\" height=\"983\" data-id=\"714\" src=\"https:\/\/gaetanfreestyle.fr\/wp-content\/uploads\/2024\/12\/freestyle-foot-show-stade-1024x983.jpg\" alt=\"\" class=\"wp-image-714\" srcset=\"https:\/\/gaetanfreestyle.fr\/wp-content\/uploads\/2024\/12\/freestyle-foot-show-stade-1024x983.jpg 1024w, https:\/\/gaetanfreestyle.fr\/wp-content\/uploads\/2024\/12\/freestyle-foot-show-stade-300x288.jpg 300w, https:\/\/gaetanfreestyle.fr\/wp-content\/uploads\/2024\/12\/freestyle-foot-show-stade-768x737.jpg 768w, https:\/\/gaetanfreestyle.fr\/wp-content\/uploads\/2024\/12\/freestyle-foot-show-stade-1536x1474.jpg 1536w, https:\/\/gaetanfreestyle.fr\/wp-content\/uploads\/2024\/12\/freestyle-foot-show-stade-2048x1965.jpg 2048w\" sizes=\"auto, (max-width: 1024px) 100vw, 1024px\" \/><\/figure>\n\n\n\n<figure class=\"wp-block-image size-full\"><img loading=\"lazy\" decoding=\"async\" width=\"640\" height=\"640\" data-id=\"713\" src=\"https:\/\/gaetanfreestyle.fr\/wp-content\/uploads\/2024\/12\/competition-gaetan-freestyle.jpg\" alt=\"\" class=\"wp-image-713\" srcset=\"https:\/\/gaetanfreestyle.fr\/wp-content\/uploads\/2024\/12\/competition-gaetan-freestyle.jpg 640w, https:\/\/gaetanfreestyle.fr\/wp-content\/uploads\/2024\/12\/competition-gaetan-freestyle-300x300.jpg 300w, https:\/\/gaetanfreestyle.fr\/wp-content\/uploads\/2024\/12\/competition-gaetan-freestyle-150x150.jpg 150w\" sizes=\"auto, (max-width: 640px) 100vw, 640px\" \/><\/figure>\n\n\n\n<figure class=\"wp-block-image size-large\"><img loading=\"lazy\" decoding=\"async\" width=\"593\" height=\"593\" data-id=\"594\" src=\"https:\/\/gaetanfreestyle.fr\/wp-content\/uploads\/2024\/11\/freestyle-foot-france-tf1.png\" alt=\"\" class=\"wp-image-594\" srcset=\"https:\/\/gaetanfreestyle.fr\/wp-content\/uploads\/2024\/11\/freestyle-foot-france-tf1.png 593w, https:\/\/gaetanfreestyle.fr\/wp-content\/uploads\/2024\/11\/freestyle-foot-france-tf1-300x300.png 300w, https:\/\/gaetanfreestyle.fr\/wp-content\/uploads\/2024\/11\/freestyle-foot-france-tf1-150x150.png 150w\" sizes=\"auto, (max-width: 593px) 100vw, 593px\" \/><\/figure>\n\n\n\n<figure class=\"wp-block-image size-large\"><img loading=\"lazy\" decoding=\"async\" width=\"1024\" height=\"683\" data-id=\"709\" src=\"https:\/\/gaetanfreestyle.fr\/wp-content\/uploads\/2024\/12\/spectacles-freestyle-1-1024x683.jpg\" alt=\"\" class=\"wp-image-709\" srcset=\"https:\/\/gaetanfreestyle.fr\/wp-content\/uploads\/2024\/12\/spectacles-freestyle-1-1024x683.jpg 1024w, https:\/\/gaetanfreestyle.fr\/wp-content\/uploads\/2024\/12\/spectacles-freestyle-1-300x200.jpg 300w, https:\/\/gaetanfreestyle.fr\/wp-content\/uploads\/2024\/12\/spectacles-freestyle-1-768x512.jpg 768w, https:\/\/gaetanfreestyle.fr\/wp-content\/uploads\/2024\/12\/spectacles-freestyle-1-1536x1025.jpg 1536w, https:\/\/gaetanfreestyle.fr\/wp-content\/uploads\/2024\/12\/spectacles-freestyle-1-2048x1366.jpg 2048w, https:\/\/gaetanfreestyle.fr\/wp-content\/uploads\/2024\/12\/spectacles-freestyle-1-360x240.jpg 360w\" sizes=\"auto, (max-width: 1024px) 100vw, 1024px\" \/><\/figure>\n<\/figure>\n\n\n\n<div style=\"height:42px\" aria-hidden=\"true\" class=\"wp-block-spacer\"><\/div>\n\n\n\n<p><\/p>\n","protected":false},"excerpt":{"rendered":"<p>Je m&rsquo;appelle Gaetan Czaja, j&rsquo;ai 30 ans et j&rsquo;ai commenc\u00e9 le Freestyle Football en 2008. Je suis devenu professionnel en 2014. J&rsquo;ai effectu\u00e9 plus de 500 shows \u00e0 travers toute la France pour tout type d&rsquo;\u00e9v\u00e8nements allant du simple anniversaire aux shows dans les grands stades comme \u00e0 l&rsquo;Euro 2016. [&hellip;]<\/p>\n","protected":false},"author":1,"featured_media":0,"parent":0,"menu_order":0,"comment_status":"closed","ping_status":"open","template":"","meta":{"_mi_skip_tracking":false,"_themeisle_gutenberg_block_has_review":false,"footnotes":""},"class_list":["post-2","page","type-page","status-publish","hentry"],"_links":{"self":[{"href":"https:\/\/gaetanfreestyle.fr\/index.php\/wp-json\/wp\/v2\/pages\/2","targetHints":{"allow":["GET"]}}],"collection":[{"href":"https:\/\/gaetanfreestyle.fr\/index.php\/wp-json\/wp\/v2\/pages"}],"about":[{"href":"https:\/\/gaetanfreestyle.fr\/index.php\/wp-json\/wp\/v2\/types\/page"}],"author":[{"embeddable":true,"href":"https:\/\/gaetanfreestyle.fr\/index.php\/wp-json\/wp\/v2\/users\/1"}],"replies":[{"embeddable":true,"href":"https:\/\/gaetanfreestyle.fr\/index.php\/wp-json\/wp\/v2\/comments?post=2"}],"version-history":[{"count":54,"href":"https:\/\/gaetanfreestyle.fr\/index.php\/wp-json\/wp\/v2\/pages\/2\/revisions"}],"predecessor-version":[{"id":718,"href":"https:\/\/gaetanfreestyle.fr\/index.php\/wp-json\/wp\/v2\/pages\/2\/revisions\/718"}],"wp:attachment":[{"href":"https:\/\/gaetanfreestyle.fr\/index.php\/wp-json\/wp\/v2\/media?parent=2"}],"curies":[{"name":"wp","href":"https:\/\/api.w.org\/{rel}","templated":true}]}}