{"id":208,"date":"2023-01-11T17:50:24","date_gmt":"2023-01-11T16:50:24","guid":{"rendered":"http:\/\/gaetanfreestyle.fr\/?page_id=208"},"modified":"2025-02-03T13:30:07","modified_gmt":"2025-02-03T12:30:07","slug":"contact","status":"publish","type":"page","link":"https:\/\/gaetanfreestyle.fr\/index.php\/contact\/","title":{"rendered":"Contact"},"content":{"rendered":"\n<p>Disponible pour d\u00e9monstrations, animations, cours, stage etc&#8230; dans toute la France.<\/p>\n\n\n\n<p>N&rsquo;h\u00e9sitez pas \u00e0 sp\u00e9cifier votre demande, vos besoins. Je pourrai vous \u00e9tablir un devis.<\/p>\n\n\n\n<div style=\"height:40px\" aria-hidden=\"true\" class=\"wp-block-spacer\"><\/div>\n\n\n<div class=\"wpforms-container wpforms-container-full background-color f0f8ff  Bleu clair AliceBlue \" id=\"wpforms-521\"><form id=\"wpforms-form-521\" class=\"wpforms-validate wpforms-form wpforms-ajax-form\" data-formid=\"521\" method=\"post\" enctype=\"multipart\/form-data\" action=\"\/index.php\/wp-json\/wp\/v2\/pages\/208\" data-token=\"f2075fd1b2ce8bf4e443910c70b7d055\"><noscript class=\"wpforms-error-noscript\">Veuillez activer JavaScript dans votre navigateur pour remplir ce formulaire.<\/noscript><div class=\"wpforms-field-container\"><div id=\"wpforms-521-field_0-container\" class=\"wpforms-field wpforms-field-name\" data-field-id=\"0\"><label class=\"wpforms-field-label\" for=\"wpforms-521-field_0\">Nom <span class=\"wpforms-required-label\">*<\/span><\/label><input type=\"text\" id=\"wpforms-521-field_0\" class=\"wpforms-field-medium wpforms-field-required\" name=\"wpforms[fields][0]\" required><\/div><div id=\"wpforms-521-field_4-container\" class=\"wpforms-field wpforms-field-text\" data-field-id=\"4\"><label class=\"wpforms-field-label\" for=\"wpforms-521-field_4\">Code Postal <span class=\"wpforms-required-label\">*<\/span><\/label><input type=\"text\" id=\"wpforms-521-field_4\" class=\"wpforms-field-medium wpforms-field-required\" name=\"wpforms[fields][4]\" required><\/div><div id=\"wpforms-521-field_7-container\" class=\"wpforms-field wpforms-field-email\" data-field-id=\"7\"><label class=\"wpforms-field-label\" for=\"wpforms-521-field_7\">E-mail <span class=\"wpforms-required-label\">*<\/span><\/label><input type=\"email\" id=\"wpforms-521-field_7\" class=\"wpforms-field-medium wpforms-field-required\" name=\"wpforms[fields][7]\" required><\/div><div id=\"wpforms-521-field_2-container\" class=\"wpforms-field wpforms-field-textarea\" data-field-id=\"2\"><label class=\"wpforms-field-label\" for=\"wpforms-521-field_2\">Message <span class=\"wpforms-required-label\">*<\/span><\/label><textarea id=\"wpforms-521-field_2\" class=\"wpforms-field-medium wpforms-field-required wpforms-limit-characters-enabled\" data-form-id=\"521\" data-field-id=\"2\" data-text-limit=\"1500\" name=\"wpforms[fields][2]\" maxlength=\"1500\" required><\/textarea><\/div><\/div><div class=\"wpforms-submit-container\"><input type=\"hidden\" name=\"wpforms[id]\" value=\"521\"><input type=\"hidden\" name=\"wpforms[author]\" value=\"1\"><button type=\"submit\" name=\"wpforms[submit]\" id=\"wpforms-submit-521\" class=\"wpforms-submit\" data-alt-text=\"Envoi en cours..\" data-submit-text=\"Envoyer\" aria-live=\"assertive\" value=\"wpforms-submit\">Envoyer<\/button><img loading=\"lazy\" decoding=\"async\" src=\"https:\/\/gaetanfreestyle.fr\/wp-content\/plugins\/wpforms-lite\/assets\/images\/submit-spin.svg\" class=\"wpforms-submit-spinner\" style=\"display: none;\" width=\"26\" height=\"26\" alt=\"Chargement en cours\"><\/div><\/form><\/div>  <!-- .wpforms-container -->\n\n\n<div style=\"height:56px\" aria-hidden=\"true\" class=\"wp-block-spacer\"><\/div>\n\n\n\n<div style=\"height:28px\" aria-hidden=\"true\" class=\"wp-block-spacer\"><\/div>\n\n\n\n<figure class=\"wp-block-image size-full is-resized\"><img loading=\"lazy\" decoding=\"async\" width=\"1000\" height=\"749\" src=\"http:\/\/gaetanfreestyle.fr\/wp-content\/uploads\/2023\/10\/freestyle-football-lyon.png\" alt=\"\" class=\"wp-image-428\" style=\"width:600px;height:undefinedpx\" srcset=\"https:\/\/gaetanfreestyle.fr\/wp-content\/uploads\/2023\/10\/freestyle-football-lyon.png 1000w, https:\/\/gaetanfreestyle.fr\/wp-content\/uploads\/2023\/10\/freestyle-football-lyon-300x225.png 300w, https:\/\/gaetanfreestyle.fr\/wp-content\/uploads\/2023\/10\/freestyle-football-lyon-768x575.png 768w\" sizes=\"auto, (max-width: 1000px) 100vw, 1000px\" \/><\/figure>\n\n\n\n<div style=\"height:64px\" aria-hidden=\"true\" class=\"wp-block-spacer\"><\/div>\n","protected":false},"excerpt":{"rendered":"<p>Disponible pour d\u00e9monstrations, animations, cours, stage etc&#8230; dans toute la France. N&rsquo;h\u00e9sitez pas \u00e0 sp\u00e9cifier votre demande, vos besoins. Je pourrai vous \u00e9tablir un devis.<\/p>\n","protected":false},"author":1,"featured_media":0,"parent":0,"menu_order":0,"comment_status":"closed","ping_status":"closed","template":"","meta":{"_mi_skip_tracking":false,"_themeisle_gutenberg_block_has_review":false,"footnotes":""},"class_list":["post-208","page","type-page","status-publish","hentry"],"_links":{"self":[{"href":"https:\/\/gaetanfreestyle.fr\/index.php\/wp-json\/wp\/v2\/pages\/208","targetHints":{"allow":["GET"]}}],"collection":[{"href":"https:\/\/gaetanfreestyle.fr\/index.php\/wp-json\/wp\/v2\/pages"}],"about":[{"href":"https:\/\/gaetanfreestyle.fr\/index.php\/wp-json\/wp\/v2\/types\/page"}],"author":[{"embeddable":true,"href":"https:\/\/gaetanfreestyle.fr\/index.php\/wp-json\/wp\/v2\/users\/1"}],"replies":[{"embeddable":true,"href":"https:\/\/gaetanfreestyle.fr\/index.php\/wp-json\/wp\/v2\/comments?post=208"}],"version-history":[{"count":17,"href":"https:\/\/gaetanfreestyle.fr\/index.php\/wp-json\/wp\/v2\/pages\/208\/revisions"}],"predecessor-version":[{"id":734,"href":"https:\/\/gaetanfreestyle.fr\/index.php\/wp-json\/wp\/v2\/pages\/208\/revisions\/734"}],"wp:attachment":[{"href":"https:\/\/gaetanfreestyle.fr\/index.php\/wp-json\/wp\/v2\/media?parent=208"}],"curies":[{"name":"wp","href":"https:\/\/api.w.org\/{rel}","templated":true}]}}